{"id":9,"date":"2020-08-14T14:29:45","date_gmt":"2020-08-14T14:29:45","guid":{"rendered":"https:\/\/demo.creativethemes.com\/blocksy\/business\/?page_id=9"},"modified":"2022-04-19T18:54:22","modified_gmt":"2022-04-19T18:54:22","slug":"home","status":"publish","type":"page","link":"https:\/\/endtime.razlightprod.com\/fr\/","title":{"rendered":"Accueil"},"content":{"rendered":"<div data-elementor-type=\"wp-page\" data-elementor-id=\"9\" class=\"elementor elementor-9\">\n\t\t\t\t\t\t<section class=\"elementor-section elementor-top-section elementor-element elementor-element-64c29a5 ct-section-stretched elementor-section-full_width elementor-section-height-default elementor-section-height-default\" data-id=\"64c29a5\" data-element_type=\"section\">\n\t\t\t\t\t\t<div class=\"elementor-container elementor-column-gap-no\">\n\t\t\t\t\t<div class=\"elementor-column elementor-col-100 elementor-top-column elementor-element elementor-element-6eea22a\" data-id=\"6eea22a\" data-element_type=\"column\">\n\t\t\t<div class=\"elementor-widget-wrap elementor-element-populated\">\n\t\t\t\t\t\t<div class=\"elementor-element elementor-element-98b71e0 elementor-widget elementor-widget-image-carousel\" data-id=\"98b71e0\" data-element_type=\"widget\" data-settings=\"{&quot;slides_to_show&quot;:&quot;1&quot;,&quot;navigation&quot;:&quot;none&quot;,&quot;autoplay_speed&quot;:7000,&quot;autoplay&quot;:&quot;yes&quot;,&quot;pause_on_hover&quot;:&quot;yes&quot;,&quot;pause_on_interaction&quot;:&quot;yes&quot;,&quot;infinite&quot;:&quot;yes&quot;,&quot;effect&quot;:&quot;slide&quot;,&quot;speed&quot;:500}\" data-widget_type=\"image-carousel.default\">\n\t\t\t\t<div class=\"elementor-widget-container\">\n\t\t\t\t\t\t\t<div class=\"elementor-image-carousel-wrapper swiper\" role=\"region\" aria-roledescription=\"carousel\" aria-label=\"Carrousel d\u2019images\" dir=\"ltr\">\n\t\t\t<div class=\"elementor-image-carousel swiper-wrapper\" aria-live=\"off\">\n\t\t\t\t\t\t\t\t<div class=\"swiper-slide\" role=\"group\" aria-roledescription=\"slide\" aria-label=\"1 sur 4\"><figure class=\"swiper-slide-inner\"><img decoding=\"async\" class=\"swiper-slide-image\" src=\"https:\/\/endtime.razlightprod.com\/wp-content\/uploads\/2022\/03\/EC-Home-Slide3-Worship-hands_nathan-mullet-pmiW630yDPE-unsplash-2-1-scaled.jpg\" alt=\"EC-Home-Slide3-Worship-hands_nathan-mullet-pmiW630yDPE-unsplash-(2)\" \/><\/figure><\/div><div class=\"swiper-slide\" role=\"group\" aria-roledescription=\"slide\" aria-label=\"2 sur 4\"><figure class=\"swiper-slide-inner\"><img decoding=\"async\" class=\"swiper-slide-image\" src=\"https:\/\/endtime.razlightprod.com\/wp-content\/uploads\/2022\/03\/EC-Home-Slide3-Worship-hands_nathan-mullet-pmiW630yDPE-unsplash-4-scaled.jpg\" alt=\"EC-Home-Slide3-Worship-hands_nathan-mullet-pmiW630yDPE-unsplash-4\" \/><\/figure><\/div><div class=\"swiper-slide\" role=\"group\" aria-roledescription=\"slide\" aria-label=\"3 sur 4\"><figure class=\"swiper-slide-inner\"><img decoding=\"async\" class=\"swiper-slide-image\" src=\"https:\/\/endtime.razlightprod.com\/wp-content\/uploads\/2022\/03\/EC-Home-Slide3-Worship-hands_nathan-mullet-pmiW630yDPE-unsplash-2-scaled.jpg\" alt=\"EC-Home-Slide3-Worship hands_nathan-mullet-pmiW630yDPE-unsplash (2)\" \/><\/figure><\/div><div class=\"swiper-slide\" role=\"group\" aria-roledescription=\"slide\" aria-label=\"4 sur 4\"><figure class=\"swiper-slide-inner\"><img decoding=\"async\" class=\"swiper-slide-image\" src=\"https:\/\/endtime.razlightprod.com\/wp-content\/uploads\/2022\/03\/EC-Home-Slide3-Worship-hands_nathan-mullet-pmiW630yDPE-unsplash-5-scaled.jpg\" alt=\"EC-Home-Slide3-Worship-hands_nathan-mullet-pmiW630yDPE-unsplash-5\" \/><\/figure><\/div>\t\t\t<\/div>\n\t\t\t\t\t\t\t\n\t\t\t\t\t\t\t\t\t<\/div>\n\t\t\t\t\t\t<\/div>\n\t\t\t\t<\/div>\n\t\t\t\t\t<\/div>\n\t\t<\/div>\n\t\t\t\t\t<\/div>\n\t\t<\/section>\n\t\t\t\t<section class=\"elementor-section elementor-top-section elementor-element elementor-element-4844883 elementor-section-full_width elementor-section-height-default elementor-section-height-default\" data-id=\"4844883\" data-element_type=\"section\" data-settings=\"{&quot;animation&quot;:&quot;none&quot;}\">\n\t\t\t\t\t\t<div class=\"elementor-container elementor-column-gap-default\">\n\t\t\t\t\t<div class=\"elementor-column elementor-col-100 elementor-top-column elementor-element elementor-element-ab3a7af\" data-id=\"ab3a7af\" data-element_type=\"column\">\n\t\t\t<div class=\"elementor-widget-wrap elementor-element-populated\">\n\t\t\t\t\t\t<div class=\"elementor-element elementor-element-ab99b69 elementor-widget elementor-widget-heading\" data-id=\"ab99b69\" data-element_type=\"widget\" data-widget_type=\"heading.default\">\n\t\t\t\t<div class=\"elementor-widget-container\">\n\t\t\t\t\t<h2 class=\"elementor-heading-title elementor-size-default\">Bienvenue \u00e0 EndTime Christ Discipling Ministries (ECDM)<\/h2>\t\t\t\t<\/div>\n\t\t\t\t<\/div>\n\t\t\t\t<div class=\"elementor-element elementor-element-131d762 elementor-widget elementor-widget-text-editor\" data-id=\"131d762\" data-element_type=\"widget\" data-widget_type=\"text-editor.default\">\n\t\t\t\t<div class=\"elementor-widget-container\">\n\t\t\t\t\t\t\t\t\t<p>L'ECDM est un minist\u00e8re familial chr\u00e9tien multiculturel qui accueille et sert toutes les personnes au nom de J\u00e9sus-Christ. Nous esp\u00e9rons que vous vous sentirez chez vous ici. Nous accueillons une communaut\u00e9 diversifi\u00e9e provenant de diff\u00e9rentes d\u00e9nominations ou sans appartenance \u00e0 une \u00e9glise. O\u00f9 que vous soyez sur votre chemin de croissance spirituelle, nous vous invitons \u00e0 nous rejoindre, quels que soient votre \u00e2ge, votre origine ou votre culture. Nos services centr\u00e9s sur la Bible r\u00e9v\u00e8lent une congr\u00e9gation dynamique qui adore Dieu notre Roi, cultive et d\u00e9veloppe des relations significatives les uns avec les autres, et entretient et d\u00e9veloppe une relation avec Dieu..............<\/p>\t\t\t\t\t\t\t\t<\/div>\n\t\t\t\t<\/div>\n\t\t\t\t\t<\/div>\n\t\t<\/div>\n\t\t\t\t\t<\/div>\n\t\t<\/section>\n\t\t\t\t<section class=\"elementor-section elementor-top-section elementor-element elementor-element-08c46d9 elementor-section-boxed elementor-section-height-default elementor-section-height-default\" data-id=\"08c46d9\" data-element_type=\"section\" data-settings=\"{&quot;animation&quot;:&quot;none&quot;}\">\n\t\t\t\t\t\t<div class=\"elementor-container elementor-column-gap-default\">\n\t\t\t\t\t<div class=\"elementor-column elementor-col-100 elementor-top-column elementor-element elementor-element-50cfd50\" data-id=\"50cfd50\" data-element_type=\"column\">\n\t\t\t<div class=\"elementor-widget-wrap elementor-element-populated\">\n\t\t\t\t\t\t<section class=\"elementor-section elementor-inner-section elementor-element elementor-element-9b1c58b elementor-section-boxed elementor-section-height-default elementor-section-height-default\" data-id=\"9b1c58b\" data-element_type=\"section\">\n\t\t\t\t\t\t<div class=\"elementor-container elementor-column-gap-default\">\n\t\t\t\t\t<div class=\"elementor-column elementor-col-33 elementor-inner-column elementor-element elementor-element-9eccbb7\" data-id=\"9eccbb7\" data-element_type=\"column\" data-settings=\"{&quot;background_background&quot;:&quot;classic&quot;}\">\n\t\t\t<div class=\"elementor-widget-wrap elementor-element-populated\">\n\t\t\t\t\t<div class=\"elementor-background-overlay\"><\/div>\n\t\t\t\t\t\t<div class=\"elementor-element elementor-element-e2bd961 elementor-widget elementor-widget-image\" data-id=\"e2bd961\" data-element_type=\"widget\" data-widget_type=\"image.default\">\n\t\t\t\t<div class=\"elementor-widget-container\">\n\t\t\t\t\t\t\t\t\t\t\t\t\t\t\t<img fetchpriority=\"high\" decoding=\"async\" width=\"452\" height=\"452\" src=\"https:\/\/endtime.razlightprod.com\/wp-content\/uploads\/2022\/03\/live-strumin-1.png\" class=\"attachment-large size-large wp-image-3097\" alt=\"\" srcset=\"https:\/\/endtime.razlightprod.com\/wp-content\/uploads\/2022\/03\/live-strumin-1.png 452w, https:\/\/endtime.razlightprod.com\/wp-content\/uploads\/2022\/03\/live-strumin-1-300x300.png 300w, https:\/\/endtime.razlightprod.com\/wp-content\/uploads\/2022\/03\/live-strumin-1-150x150.png 150w, https:\/\/endtime.razlightprod.com\/wp-content\/uploads\/2022\/03\/live-strumin-1-12x12.png 12w, https:\/\/endtime.razlightprod.com\/wp-content\/uploads\/2022\/03\/live-strumin-1-75x75.png 75w, https:\/\/endtime.razlightprod.com\/wp-content\/uploads\/2022\/03\/live-strumin-1-200x200.png 200w\" sizes=\"(max-width: 452px) 100vw, 452px\" \/>\t\t\t\t\t\t\t\t\t\t\t\t\t\t\t<\/div>\n\t\t\t\t<\/div>\n\t\t\t\t<div class=\"elementor-element elementor-element-e2aad55 elementor-align-center elementor-widget elementor-widget-elementskit-button\" data-id=\"e2aad55\" data-element_type=\"widget\" data-widget_type=\"elementskit-button.default\">\n\t\t\t\t<div class=\"elementor-widget-container\">\n\t\t\t\t\t<div class=\"ekit-wid-con\" >\t\t<div class=\"ekit-btn-wraper translation-block\">Suivre en direct<\/div>\n        <\/div>\t\t\t\t<\/div>\n\t\t\t\t<\/div>\n\t\t\t\t\t<\/div>\n\t\t<\/div>\n\t\t\t\t<div class=\"elementor-column elementor-col-33 elementor-inner-column elementor-element elementor-element-884cac4\" data-id=\"884cac4\" data-element_type=\"column\" data-settings=\"{&quot;background_background&quot;:&quot;classic&quot;}\">\n\t\t\t<div class=\"elementor-widget-wrap elementor-element-populated\">\n\t\t\t\t\t<div class=\"elementor-background-overlay\"><\/div>\n\t\t\t\t\t\t<div class=\"elementor-element elementor-element-25ac7a0 elementor-widget elementor-widget-image\" data-id=\"25ac7a0\" data-element_type=\"widget\" data-widget_type=\"image.default\">\n\t\t\t\t<div class=\"elementor-widget-container\">\n\t\t\t\t\t\t\t\t\t\t\t\t\t\t\t<img decoding=\"async\" width=\"452\" height=\"452\" src=\"https:\/\/endtime.razlightprod.com\/wp-content\/uploads\/2022\/03\/event.png\" class=\"attachment-large size-large wp-image-3095\" alt=\"\" srcset=\"https:\/\/endtime.razlightprod.com\/wp-content\/uploads\/2022\/03\/event.png 452w, https:\/\/endtime.razlightprod.com\/wp-content\/uploads\/2022\/03\/event-300x300.png 300w, https:\/\/endtime.razlightprod.com\/wp-content\/uploads\/2022\/03\/event-150x150.png 150w, https:\/\/endtime.razlightprod.com\/wp-content\/uploads\/2022\/03\/event-12x12.png 12w, https:\/\/endtime.razlightprod.com\/wp-content\/uploads\/2022\/03\/event-75x75.png 75w, https:\/\/endtime.razlightprod.com\/wp-content\/uploads\/2022\/03\/event-200x200.png 200w\" sizes=\"(max-width: 452px) 100vw, 452px\" \/>\t\t\t\t\t\t\t\t\t\t\t\t\t\t\t<\/div>\n\t\t\t\t<\/div>\n\t\t\t\t<div class=\"elementor-element elementor-element-dcffd9d elementor-align-center elementor-widget elementor-widget-elementskit-button\" data-id=\"dcffd9d\" data-element_type=\"widget\" data-widget_type=\"elementskit-button.default\">\n\t\t\t\t<div class=\"elementor-widget-container\">\n\t\t\t\t\t<div class=\"ekit-wid-con\" >\t\t<div class=\"ekit-btn-wraper\">\n\t\t\t\t\t\t\t<a href=\"http:\/\/endtime.razlightprod.com\/fr\/calendar\/\" class=\"elementskit-btn  whitespace--normal\" id=\"\">\n\t\t\t\t\tUpcoming  Events   \t\t\t\t<\/a>\n\t\t\t\t\t<\/div>\n        <\/div>\t\t\t\t<\/div>\n\t\t\t\t<\/div>\n\t\t\t\t\t<\/div>\n\t\t<\/div>\n\t\t\t\t<div class=\"elementor-column elementor-col-33 elementor-inner-column elementor-element elementor-element-a379d44\" data-id=\"a379d44\" data-element_type=\"column\" data-settings=\"{&quot;background_background&quot;:&quot;classic&quot;}\">\n\t\t\t<div class=\"elementor-widget-wrap elementor-element-populated\">\n\t\t\t\t\t<div class=\"elementor-background-overlay\"><\/div>\n\t\t\t\t\t\t<div class=\"elementor-element elementor-element-912a6a3 elementor-widget elementor-widget-image\" data-id=\"912a6a3\" data-element_type=\"widget\" data-widget_type=\"image.default\">\n\t\t\t\t<div class=\"elementor-widget-container\">\n\t\t\t\t\t\t\t\t\t\t\t\t\t\t\t<img decoding=\"async\" width=\"452\" height=\"452\" src=\"https:\/\/endtime.razlightprod.com\/wp-content\/uploads\/2022\/03\/live-struming.png\" class=\"attachment-large size-large wp-image-3098\" alt=\"\" srcset=\"https:\/\/endtime.razlightprod.com\/wp-content\/uploads\/2022\/03\/live-struming.png 452w, https:\/\/endtime.razlightprod.com\/wp-content\/uploads\/2022\/03\/live-struming-300x300.png 300w, https:\/\/endtime.razlightprod.com\/wp-content\/uploads\/2022\/03\/live-struming-150x150.png 150w, https:\/\/endtime.razlightprod.com\/wp-content\/uploads\/2022\/03\/live-struming-12x12.png 12w, https:\/\/endtime.razlightprod.com\/wp-content\/uploads\/2022\/03\/live-struming-75x75.png 75w, https:\/\/endtime.razlightprod.com\/wp-content\/uploads\/2022\/03\/live-struming-200x200.png 200w\" sizes=\"(max-width: 452px) 100vw, 452px\" \/>\t\t\t\t\t\t\t\t\t\t\t\t\t\t\t<\/div>\n\t\t\t\t<\/div>\n\t\t\t\t<div class=\"elementor-element elementor-element-d051bdd elementor-align-center elementor-widget elementor-widget-elementskit-button\" data-id=\"d051bdd\" data-element_type=\"widget\" data-widget_type=\"elementskit-button.default\">\n\t\t\t\t<div class=\"elementor-widget-container\">\n\t\t\t\t\t<div class=\"ekit-wid-con\" >\t\t<div class=\"ekit-btn-wraper\">\n\t\t\t\t\t\t\t<a href=\"http:\/\/endtime.razlightprod.com\/fr\/sermons\/\" class=\"elementskit-btn  whitespace--normal\" id=\"\">\n\t\t\t\t\tM\u00e9dias         \t\t\t\t<\/a>\n\t\t\t\t\t<\/div>\n        <\/div>\t\t\t\t<\/div>\n\t\t\t\t<\/div>\n\t\t\t\t\t<\/div>\n\t\t<\/div>\n\t\t\t\t\t<\/div>\n\t\t<\/section>\n\t\t\t\t\t<\/div>\n\t\t<\/div>\n\t\t\t\t\t<\/div>\n\t\t<\/section>\n\t\t\t\t<\/div>","protected":false},"excerpt":{"rendered":"<p>Welcome to EndTime Christ Discipling Ministries (ECDM) ECDM is a multi-cultural Christian family ministry that welcomes and serves all people in Jesus Christ\u2019s name. We hope you will feel at home here. This is home to a diverse community from different denominations or no church background. Wherever you are on your spiritual growth journey, we welcome you to join us regardless of your age, background, or culture. Our bible-centered services reveal a vibrant congregation worshipping God our King, cultivating, and growing meaningful relationships with one another, and getting and growing in relationship with God\u2026\u2026\u2026\u2026. Live streaming Upcoming Events Media<\/p>","protected":false},"author":1,"featured_media":0,"parent":0,"menu_order":0,"comment_status":"closed","ping_status":"closed","template":"","meta":{"footnotes":""},"class_list":["post-9","page","type-page","status-publish","hentry"],"blocksy_meta":{"page_title_panel":"","has_hero_section":"disabled","a021d615acb00704d22a215bb20821ff":"","hero_section":"type-1","hero_elements":[{"id":"custom_title","enabled":true,"heading_tag":"h1","title":"Home"},{"id":"custom_description","enabled":true,"description_visibility":{"desktop":true,"tablet":true,"mobile":false}},{"id":"custom_meta","enabled":false,"meta_elements":[{"id":"author","enabled":true,"label":"By","has_author_avatar":"yes","avatar_size":25},{"id":"post_date","enabled":true,"label":"On","date_format_source":"default","date_format":"M j, Y"},{"id":"comments","enabled":true}],"page_meta_elements":{"joined":true,"articles_count":true,"comments":true}},{"id":"breadcrumbs","enabled":false}],"d0505c9bc2c3a100918983b7672c5e6d":"","hero_alignment1":"left","hero_alignment2":"center","hero_vertical_alignment":"center","69a73150cebfaece67402936f1c0455f":"","hero_structure":"narrow","bd1080d581870d75437a0aec7ce14d23":"","page_title_bg_type":"featured_image","custom_hero_background":{"attachment_id":null},"parallax":{"desktop":false,"tablet":false,"mobile":false},"a45ed0d64b9a771c158335017296bd80":"","hero_height":"250px","pageTitleFont":{"family":"Default","variation":"Default","size":{"desktop":"32px","tablet":"30px","mobile":"25px"},"line-height":"CT_CSS_SKIP_RULE","letter-spacing":"CT_CSS_SKIP_RULE","text-transform":"CT_CSS_SKIP_RULE","text-decoration":"CT_CSS_SKIP_RULE"},"pageTitleFontColor":{"default":{"color":"CT_CSS_SKIP_RULEDEFAULT"}},"pageMetaFont":{"family":"Default","variation":"n6","size":{"desktop":"12px","tablet":"12px","mobile":"12px"},"line-height":"1.3","letter-spacing":"CT_CSS_SKIP_RULE","text-transform":"uppercase","text-decoration":"CT_CSS_SKIP_RULE"},"pageMetaFontColor":{"default":{"color":"CT_CSS_SKIP_RULEDEFAULT"},"hover":{"color":"CT_CSS_SKIP_RULEDEFAULT"}},"pageExcerptFont":{"family":"Default","variation":"Default","size":"CT_CSS_SKIP_RULE","line-height":"CT_CSS_SKIP_RULE","letter-spacing":"CT_CSS_SKIP_RULE","text-transform":"CT_CSS_SKIP_RULE","text-decoration":"CT_CSS_SKIP_RULE"},"pageExcerptColor":{"default":{"color":"CT_CSS_SKIP_RULEDEFAULT"}},"breadcrumbsFont":{"family":"Default","variation":"n6","size":"12px","line-height":"CT_CSS_SKIP_RULE","letter-spacing":"CT_CSS_SKIP_RULE","text-transform":"uppercase","text-decoration":"CT_CSS_SKIP_RULE"},"breadcrumbsFontColor":{"default":{"color":"CT_CSS_SKIP_RULEDEFAULT"},"initial":{"color":"CT_CSS_SKIP_RULEDEFAULT"},"hover":{"color":"CT_CSS_SKIP_RULEDEFAULT"}},"pageTitleOverlay":{"default":{"color":"rgba(41, 51, 60, 0.2)"}},"pageTitleBackground":{"background_type":"color","background_pattern":"type-1","background_image":{"attachment_id":null,"x":0,"y":0},"background_repeat":"no-repeat","background_size":"auto","background_attachment":"scroll","patternColor":{"default":{"color":"#e5e7ea"}},"backgroundColor":{"default":{"color":"#EDEFF2"}}},"c0700eea2d5f2a79943114245d9b0d3c":"","page_structure_type":"default","content_style":"inherit","vertical_spacing_source":"custom","content_area_spacing":"none","background":{"background_type":"color","background_pattern":"type-1","background_image":{"attachment_id":null,"x":0,"y":0},"background_repeat":"no-repeat","background_size":"auto","background_attachment":"scroll","patternColor":{"default":{"color":"#e5e7ea"}},"backgroundColor":{"default":{"color":"CT_CSS_SKIP_RULE"}}},"content_background":{"background_type":"color","background_pattern":"type-1","background_image":{"attachment_id":null,"x":0,"y":0},"background_repeat":"no-repeat","background_size":"auto","background_attachment":"scroll","patternColor":{"default":{"color":"#e5e7ea"}},"backgroundColor":{"default":{"color":"#ffffff"}}},"content_boxed_spacing":{"desktop":"40px","tablet":"35px","mobile":"20px"},"content_boxed_radius":{"top":"3px","bottom":"3px","left":"3px","right":"3px","linked":true},"content_boxed_shadow":{"blur":18,"spread":-6,"v_offset":12,"h_offset":0,"inset":false,"enable":true,"color":{"color":"rgba(34, 56, 101, 0.04)"}},"05c14464af83440d2458a3b59cd3c7c8":"","disable_featured_image":"no","disable_header":"no","disable_footer":"no","styles_descriptor":{"styles":{"desktop":"","tablet":"","mobile":""},"google_fonts":[],"version":4}},"_links":{"self":[{"href":"https:\/\/endtime.razlightprod.com\/fr\/wp-json\/wp\/v2\/pages\/9","targetHints":{"allow":["GET"]}}],"collection":[{"href":"https:\/\/endtime.razlightprod.com\/fr\/wp-json\/wp\/v2\/pages"}],"about":[{"href":"https:\/\/endtime.razlightprod.com\/fr\/wp-json\/wp\/v2\/types\/page"}],"author":[{"embeddable":true,"href":"https:\/\/endtime.razlightprod.com\/fr\/wp-json\/wp\/v2\/users\/1"}],"replies":[{"embeddable":true,"href":"https:\/\/endtime.razlightprod.com\/fr\/wp-json\/wp\/v2\/comments?post=9"}],"version-history":[{"count":609,"href":"https:\/\/endtime.razlightprod.com\/fr\/wp-json\/wp\/v2\/pages\/9\/revisions"}],"predecessor-version":[{"id":3412,"href":"https:\/\/endtime.razlightprod.com\/fr\/wp-json\/wp\/v2\/pages\/9\/revisions\/3412"}],"wp:attachment":[{"href":"https:\/\/endtime.razlightprod.com\/fr\/wp-json\/wp\/v2\/media?parent=9"}],"curies":[{"name":"wp","href":"https:\/\/api.w.org\/{rel}","templated":true}]}}